{"id":1509,"date":"2021-10-25T15:22:12","date_gmt":"2021-10-25T15:22:12","guid":{"rendered":"https:\/\/optimist.org.rs\/?page_id=1509"},"modified":"2021-11-04T09:54:00","modified_gmt":"2021-11-04T09:54:00","slug":"mladi","status":"publish","type":"page","link":"https:\/\/optimist.org.rs\/index.php\/mladi\/","title":{"rendered":"Mladi"},"content":{"rendered":"\n<p>Od svog osnivanja, pa sve do danas, Udru\u017eenje Optimist vodi aktivnu brigu o mladima, trude\u0107i se da podsti\u010de aktivizam, motivisanost, kreativnost, a sve u cilju boljeg i lep\u0161eg \u017eivota za njih u op\u0161tini Bosilegrad. Do danas, Udru\u017eenje Optimist je realizovalo vi\u0161e od deset projekata namenjenih mladima.<\/p>\n\n\n\n<p>U 2013-toj, Udru\u017eenje Optimist se, opet uz podr\u0161ku Fondacije za otvoreno dru\u0161tvo, baziralo na razvoj interkulturalnog obrazovanja, kao i promocije multikulturalizma, a u sklopu projekta &#8211; &#8220;Multikultivator&#8221;.<\/p>\n\n\n\n<div class=\"vp-portfolio vp-uid-b251de36 vp-id-1609 \"\n\tdata-vp-layout=\"tiles\" data-vp-content-source=\"images\" data-vp-items-style=\"default\" data-vp-items-click-action=\"popup_gallery\" data-vp-items-gap=\"15\" data-vp-items-gap-vertical=\"\" data-vp-pagination=\"load-more\" data-vp-next-page-url=\"\" data-vp-tiles-type=\"3|1,1|\" >\n\t<div class=\"vp-portfolio__preloader-wrap\">\n\t\t<div class=\"vp-portfolio__preloader\">\n\t\t\t<img decoding=\"async\" loading=\"eager\" src=\"https:\/\/optimist.org.rs\/wp-content\/plugins\/visual-portfolio\/assets\/images\/logo-dark.svg\" alt=\"Visual Portfolio, Posts &amp; Image Gallery for WordPress\" width=\"20\" height=\"20\" data-skip-lazy>\n\t\t<\/div>\n\t<\/div>\n\t\t<div class=\"vp-portfolio__items-wrap\">\n\t\t\t\n<div class=\"vp-portfolio__items vp-portfolio__items-style-default vp-portfolio__items-show-overlay-hover\">\n\n\t\t<div\t\tclass=\"vp-portfolio__item-wrap vp-portfolio__item-uid-52118975\" data-vp-filter=\"\" \t\t>\n\t\t\t<template class=\"vp-portfolio__item-popup\" data-vp-popup-img=\"https:\/\/optimist.org.rs\/wp-content\/uploads\/2021\/10\/8a-edited-1.jpg\" data-vp-popup-img-srcset=\"https:\/\/optimist.org.rs\/wp-content\/uploads\/2021\/10\/8a-edited-1.jpg 835w, https:\/\/optimist.org.rs\/wp-content\/uploads\/2021\/10\/8a-edited-1-300x225.jpg 300w, https:\/\/optimist.org.rs\/wp-content\/uploads\/2021\/10\/8a-edited-1-768x576.jpg 768w\" data-vp-popup-img-size=\"835x626\" data-vp-popup-md-img=\"https:\/\/optimist.org.rs\/wp-content\/uploads\/2021\/10\/8a-edited-1.jpg\" data-vp-popup-md-img-size=\"800x600\" data-vp-popup-sm-img=\"https:\/\/optimist.org.rs\/wp-content\/uploads\/2021\/10\/8a-edited-1.jpg\" data-vp-popup-sm-img-size=\"500x375\">\n\t<\/template>\n\t\t\t\t\t\t<figure class=\"vp-portfolio__item\">\n\t\t\t\t\n<div class=\"vp-portfolio__item-img-wrap\">\n\t<div class=\"vp-portfolio__item-img\">\n\t\t\t<a\n\t\thref=\"https:\/\/optimist.org.rs\/wp-content\/uploads\/2021\/10\/8a-edited-1.jpg\"\n\t\taria-label=\"Open image\" \t>\n\t\n\t\t<noscript><img loading=\"lazy\" decoding=\"async\" width=\"835\" height=\"626\" data-skip-lazy src=\"https:\/\/optimist.org.rs\/wp-content\/uploads\/2021\/10\/8a-edited-1.jpg\" class=\"wp-image-1512\" alt=\"\" srcset=\"https:\/\/optimist.org.rs\/wp-content\/uploads\/2021\/10\/8a-edited-1.jpg 835w, https:\/\/optimist.org.rs\/wp-content\/uploads\/2021\/10\/8a-edited-1-300x225.jpg 300w, https:\/\/optimist.org.rs\/wp-content\/uploads\/2021\/10\/8a-edited-1-768x576.jpg 768w\" sizes=\"auto, (max-width: 835px) 100vw, 835px\" \/><\/noscript><img fetchpriority=\"high\" decoding=\"async\" width=\"835\" height=\"626\" src=\"https:\/\/optimist.org.rs\/wp-content\/uploads\/2021\/10\/8a-edited-1.jpg\" class=\"wp-image-1512 vp-lazyload\" alt srcset=\"data:image\/svg+xml;base64,PHN2ZyB3aWR0aD0iODM1IiBoZWlnaHQ9IjYyNiIgdmlld0JveD0iMCAwIDgzNSA2MjYiIGZpbGw9Im5vbmUiIHhtbG5zPSJodHRwOi8vd3d3LnczLm9yZy8yMDAwL3N2ZyI+PC9zdmc+\" data-src=\"https:\/\/optimist.org.rs\/wp-content\/uploads\/2021\/10\/8a-edited-1.jpg\" data-srcset=\"https:\/\/optimist.org.rs\/wp-content\/uploads\/2021\/10\/8a-edited-1.jpg 835w, https:\/\/optimist.org.rs\/wp-content\/uploads\/2021\/10\/8a-edited-1-300x225.jpg 300w, https:\/\/optimist.org.rs\/wp-content\/uploads\/2021\/10\/8a-edited-1-768x576.jpg 768w\" data-sizes=\"auto\" loading=\"eager\">\n\t\t<div class=\"vp-portfolio__item-overlay\">\n\t\t\t\t\t<\/div>\n\n\t\t<\/a>\t<\/div>\n<\/div>\n\n\t\t\t<\/figure>\n\t\t\t\t\t<\/div>\n\t\t\n\t\t<div\t\tclass=\"vp-portfolio__item-wrap vp-portfolio__item-uid-681c64dc\" data-vp-filter=\"\" \t\t>\n\t\t\t<template class=\"vp-portfolio__item-popup\" data-vp-popup-img=\"https:\/\/optimist.org.rs\/wp-content\/uploads\/2021\/10\/9a.jpg\" data-vp-popup-img-srcset=\"https:\/\/optimist.org.rs\/wp-content\/uploads\/2021\/10\/9a.jpg 928w, https:\/\/optimist.org.rs\/wp-content\/uploads\/2021\/10\/9a-300x225.jpg 300w, https:\/\/optimist.org.rs\/wp-content\/uploads\/2021\/10\/9a-768x576.jpg 768w\" data-vp-popup-img-size=\"928x696\" data-vp-popup-md-img=\"https:\/\/optimist.org.rs\/wp-content\/uploads\/2021\/10\/9a.jpg\" data-vp-popup-md-img-size=\"800x600\" data-vp-popup-sm-img=\"https:\/\/optimist.org.rs\/wp-content\/uploads\/2021\/10\/9a.jpg\" data-vp-popup-sm-img-size=\"500x375\">\n\t<\/template>\n\t\t\t\t\t\t<figure class=\"vp-portfolio__item\">\n\t\t\t\t\n<div class=\"vp-portfolio__item-img-wrap\">\n\t<div class=\"vp-portfolio__item-img\">\n\t\t\t<a\n\t\thref=\"https:\/\/optimist.org.rs\/wp-content\/uploads\/2021\/10\/9a.jpg\"\n\t\taria-label=\"Open image\" \t>\n\t\n\t\t<noscript><img loading=\"lazy\" decoding=\"async\" width=\"928\" height=\"696\" data-skip-lazy src=\"https:\/\/optimist.org.rs\/wp-content\/uploads\/2021\/10\/9a.jpg\" class=\"wp-image-1516\" alt=\"\" srcset=\"https:\/\/optimist.org.rs\/wp-content\/uploads\/2021\/10\/9a.jpg 928w, https:\/\/optimist.org.rs\/wp-content\/uploads\/2021\/10\/9a-300x225.jpg 300w, https:\/\/optimist.org.rs\/wp-content\/uploads\/2021\/10\/9a-768x576.jpg 768w\" sizes=\"auto, (max-width: 928px) 100vw, 928px\" \/><\/noscript><img decoding=\"async\" width=\"928\" height=\"696\" src=\"https:\/\/optimist.org.rs\/wp-content\/uploads\/2021\/10\/9a.jpg\" class=\"wp-image-1516 vp-lazyload\" alt srcset=\"data:image\/svg+xml;base64,PHN2ZyB3aWR0aD0iOTI4IiBoZWlnaHQ9IjY5NiIgdmlld0JveD0iMCAwIDkyOCA2OTYiIGZpbGw9Im5vbmUiIHhtbG5zPSJodHRwOi8vd3d3LnczLm9yZy8yMDAwL3N2ZyI+PC9zdmc+\" data-src=\"https:\/\/optimist.org.rs\/wp-content\/uploads\/2021\/10\/9a.jpg\" data-srcset=\"https:\/\/optimist.org.rs\/wp-content\/uploads\/2021\/10\/9a.jpg 928w, https:\/\/optimist.org.rs\/wp-content\/uploads\/2021\/10\/9a-300x225.jpg 300w, https:\/\/optimist.org.rs\/wp-content\/uploads\/2021\/10\/9a-768x576.jpg 768w\" data-sizes=\"auto\" loading=\"eager\">\n\t\t<div class=\"vp-portfolio__item-overlay\">\n\t\t\t\t\t<\/div>\n\n\t\t<\/a>\t<\/div>\n<\/div>\n\n\t\t\t<\/figure>\n\t\t\t\t\t<\/div>\n\t\t\n\t\t<div\t\tclass=\"vp-portfolio__item-wrap vp-portfolio__item-uid-54644467\" data-vp-filter=\"\" \t\t>\n\t\t\t<template class=\"vp-portfolio__item-popup\" data-vp-popup-img=\"https:\/\/optimist.org.rs\/wp-content\/uploads\/2021\/10\/23a.jpg\" data-vp-popup-img-srcset=\"https:\/\/optimist.org.rs\/wp-content\/uploads\/2021\/10\/23a.jpg 928w, https:\/\/optimist.org.rs\/wp-content\/uploads\/2021\/10\/23a-300x225.jpg 300w, https:\/\/optimist.org.rs\/wp-content\/uploads\/2021\/10\/23a-768x576.jpg 768w\" data-vp-popup-img-size=\"928x696\" data-vp-popup-md-img=\"https:\/\/optimist.org.rs\/wp-content\/uploads\/2021\/10\/23a.jpg\" data-vp-popup-md-img-size=\"800x600\" data-vp-popup-sm-img=\"https:\/\/optimist.org.rs\/wp-content\/uploads\/2021\/10\/23a.jpg\" data-vp-popup-sm-img-size=\"500x375\">\n\t<\/template>\n\t\t\t\t\t\t<figure class=\"vp-portfolio__item\">\n\t\t\t\t\n<div class=\"vp-portfolio__item-img-wrap\">\n\t<div class=\"vp-portfolio__item-img\">\n\t\t\t<a\n\t\thref=\"https:\/\/optimist.org.rs\/wp-content\/uploads\/2021\/10\/23a.jpg\"\n\t\taria-label=\"Open image\" \t>\n\t\n\t\t<noscript><img loading=\"lazy\" decoding=\"async\" width=\"928\" height=\"696\" data-skip-lazy src=\"https:\/\/optimist.org.rs\/wp-content\/uploads\/2021\/10\/23a.jpg\" class=\"wp-image-1442\" alt=\"\" srcset=\"https:\/\/optimist.org.rs\/wp-content\/uploads\/2021\/10\/23a.jpg 928w, https:\/\/optimist.org.rs\/wp-content\/uploads\/2021\/10\/23a-300x225.jpg 300w, https:\/\/optimist.org.rs\/wp-content\/uploads\/2021\/10\/23a-768x576.jpg 768w\" sizes=\"auto, (max-width: 928px) 100vw, 928px\" \/><\/noscript><img decoding=\"async\" width=\"928\" height=\"696\" src=\"https:\/\/optimist.org.rs\/wp-content\/uploads\/2021\/10\/23a.jpg\" class=\"wp-image-1442 vp-lazyload\" alt srcset=\"data:image\/svg+xml;base64,PHN2ZyB3aWR0aD0iOTI4IiBoZWlnaHQ9IjY5NiIgdmlld0JveD0iMCAwIDkyOCA2OTYiIGZpbGw9Im5vbmUiIHhtbG5zPSJodHRwOi8vd3d3LnczLm9yZy8yMDAwL3N2ZyI+PC9zdmc+\" data-src=\"https:\/\/optimist.org.rs\/wp-content\/uploads\/2021\/10\/23a.jpg\" data-srcset=\"https:\/\/optimist.org.rs\/wp-content\/uploads\/2021\/10\/23a.jpg 928w, https:\/\/optimist.org.rs\/wp-content\/uploads\/2021\/10\/23a-300x225.jpg 300w, https:\/\/optimist.org.rs\/wp-content\/uploads\/2021\/10\/23a-768x576.jpg 768w\" data-sizes=\"auto\" loading=\"eager\">\n\t\t<div class=\"vp-portfolio__item-overlay\">\n\t\t\t\t\t<\/div>\n\n\t\t<\/a>\t<\/div>\n<\/div>\n\n\t\t\t<\/figure>\n\t\t\t\t\t<\/div>\n\t\t\n<\/div>\n\t\t<\/div>\n\t\t\n<\/div>\n\n\n\n\n<p>Od 2011-te godine, oko Udru\u017eenja Optimist se spontano okupila neformalna grupa mladih &#8211; Mladi Optimisti, koji danas samostalno izvode projekte, naravno, uz konsultacije i podr\u0161ku Udru\u017eenja Optimist. Mladi Optimisti predstavljaju i volontersku bazu na\u0161eg Udru\u017eenja.<\/p>\n\n\n\n<p>Projekti su se bazirali na obuke iz sfere novinarstva (na projekima &#8220;Mladi za jako i zdravo dru\u0161tvo&#8221; i &#8220;Novinari &#8211; Zvon\u010de vas o\u010dekuje&#8221;), liderstva, ekologije, zapo\u0161ljavanja, mobinga. U 2011-oj i 2012-oj godini, realizovali smo projekat &#8211; &#8220;Dodaj nas za prijatelja, jer mi to zaista jesmo&#8221;, koji je podr\u017eala Fondacija za otvoreno dru\u0161tvo, a koji se ticao za\u0161tite dece i mladih na internetu, kao i promocije eti\u010dkog pona\u0161anja. U sklopu projekta, otvorili smo prvu kancelariju za za\u0161titu dece i mladih na internetu, \u010diji je zadatak bio podr\u0161ka za \u017ertve nasilja, kao i aktivna kampanja koja je imala za cilj obave\u0161tavanje i upozoravanje dece i mladih na rizike koji prete na dru\u0161tvenim mre\u017eama.<\/p>\n","protected":false},"excerpt":{"rendered":"<p>Od svog osnivanja, pa sve do danas, Udru\u017eenje Optimist vodi aktivnu brigu o mladima, trude\u0107i se da podsti\u010de aktivizam, motivisanost, kreativnost, a sve u cilju boljeg i lep\u0161eg \u017eivota za &#8230;<\/p>\n","protected":false},"author":1,"featured_media":0,"parent":0,"menu_order":0,"comment_status":"closed","ping_status":"closed","template":"template-fullwidth.php","meta":{"_vp_format_video_url":"","_vp_image_focal_point":[],"footnotes":""},"class_list":["post-1509","page","type-page","status-publish","hentry"],"_links":{"self":[{"href":"https:\/\/optimist.org.rs\/index.php\/wp-json\/wp\/v2\/pages\/1509","targetHints":{"allow":["GET"]}}],"collection":[{"href":"https:\/\/optimist.org.rs\/index.php\/wp-json\/wp\/v2\/pages"}],"about":[{"href":"https:\/\/optimist.org.rs\/index.php\/wp-json\/wp\/v2\/types\/page"}],"author":[{"embeddable":true,"href":"https:\/\/optimist.org.rs\/index.php\/wp-json\/wp\/v2\/users\/1"}],"replies":[{"embeddable":true,"href":"https:\/\/optimist.org.rs\/index.php\/wp-json\/wp\/v2\/comments?post=1509"}],"version-history":[{"count":8,"href":"https:\/\/optimist.org.rs\/index.php\/wp-json\/wp\/v2\/pages\/1509\/revisions"}],"predecessor-version":[{"id":1613,"href":"https:\/\/optimist.org.rs\/index.php\/wp-json\/wp\/v2\/pages\/1509\/revisions\/1613"}],"wp:attachment":[{"href":"https:\/\/optimist.org.rs\/index.php\/wp-json\/wp\/v2\/media?parent=1509"}],"curies":[{"name":"wp","href":"https:\/\/api.w.org\/{rel}","templated":true}]}}