{"id":1538,"date":"2021-10-26T07:37:53","date_gmt":"2021-10-26T07:37:53","guid":{"rendered":"https:\/\/optimist.org.rs\/?page_id=1538"},"modified":"2021-11-04T12:36:55","modified_gmt":"2021-11-04T12:36:55","slug":"zivotna-sredina","status":"publish","type":"page","link":"https:\/\/optimist.org.rs\/index.php\/zivotna-sredina\/","title":{"rendered":"\u017divotna sredina"},"content":{"rendered":"\n<p>Od svog osnivanja, Udru\u017eenje Optimist je veoma posve\u0107eno o\u010duvanju \u017eivotne sredine.  <\/p>\n\n\n\n<p>Realizovali smo nekoliko izuzetno va\u017enih ekolo\u0161kih projekata, od kojih je svakako najva\u017eniji &#8220;Veliki spremanje juga Srbije&#8221;, projekat ra\u0111en u sklopu tradicionalne, nacionalne kampanje &#8211; &#8220;O\u010distimo Srbiju&#8221;. <\/p>\n\n\n<div class=\"wp-block-visual-portfolio\">\n<div class=\"vp-portfolio vp-uid-17b5653c vp-id-1622\"\n\tdata-vp-layout=\"tiles\" data-vp-content-source=\"images\" data-vp-items-style=\"default\" data-vp-items-click-action=\"popup_gallery\" data-vp-items-gap=\"15\" data-vp-items-gap-vertical=\"\" data-vp-pagination=\"load-more\" data-vp-next-page-url=\"\" data-vp-tiles-type=\"3|1,1|\" >\n\t<div class=\"vp-portfolio__preloader-wrap\">\n\t\t<div class=\"vp-portfolio__preloader\">\n\t\t\t<img decoding=\"async\" loading=\"eager\" src=\"https:\/\/optimist.org.rs\/wp-content\/plugins\/visual-portfolio\/assets\/images\/logo-dark.svg\" alt=\"Visual Portfolio, Posts &amp; Image Gallery for WordPress\" width=\"20\" height=\"20\" data-skip-lazy>\n\t\t<\/div>\n\t<\/div>\n\t\t<div class=\"vp-portfolio__items-wrap\">\n\t\t\t\n<div class=\"vp-portfolio__items vp-portfolio__items-style-default vp-portfolio__items-show-overlay-hover\">\n\n\t\t<div\t\tclass=\"vp-portfolio__item-wrap vp-portfolio__item-uid-b66f2c8a\" data-vp-filter=\"\" \t\t>\n\t\t\t<template class=\"vp-portfolio__item-popup\" data-vp-popup-img=\"https:\/\/optimist.org.rs\/wp-content\/uploads\/2021\/10\/22a-1.jpg\" data-vp-popup-img-srcset=\"https:\/\/optimist.org.rs\/wp-content\/uploads\/2021\/10\/22a-1.jpg 928w, https:\/\/optimist.org.rs\/wp-content\/uploads\/2021\/10\/22a-1-300x225.jpg 300w, https:\/\/optimist.org.rs\/wp-content\/uploads\/2021\/10\/22a-1-768x576.jpg 768w\" data-vp-popup-img-size=\"928x696\" data-vp-popup-md-img=\"https:\/\/optimist.org.rs\/wp-content\/uploads\/2021\/10\/22a-1.jpg\" data-vp-popup-md-img-size=\"800x600\" data-vp-popup-sm-img=\"https:\/\/optimist.org.rs\/wp-content\/uploads\/2021\/10\/22a-1.jpg\" data-vp-popup-sm-img-size=\"500x375\">\n\t<\/template>\n\t\t\t\t\t\t<figure class=\"vp-portfolio__item\">\n\t\t\t\t\n<div class=\"vp-portfolio__item-img-wrap\">\n\t<div class=\"vp-portfolio__item-img\">\n\t\t\t<a\n\t\thref=\"https:\/\/optimist.org.rs\/wp-content\/uploads\/2021\/10\/22a-1.jpg\"\n\t\taria-label=\"22a-1\" \t>\n\t\n\t\t<noscript><img loading=\"lazy\" decoding=\"async\" width=\"928\" height=\"696\" data-skip-lazy src=\"https:\/\/optimist.org.rs\/wp-content\/uploads\/2021\/10\/22a-1.jpg\" class=\"wp-image-1541\" alt=\"\" srcset=\"https:\/\/optimist.org.rs\/wp-content\/uploads\/2021\/10\/22a-1.jpg 928w, https:\/\/optimist.org.rs\/wp-content\/uploads\/2021\/10\/22a-1-300x225.jpg 300w, https:\/\/optimist.org.rs\/wp-content\/uploads\/2021\/10\/22a-1-768x576.jpg 768w\" sizes=\"auto, (max-width: 928px) 100vw, 928px\" \/><\/noscript><img fetchpriority=\"high\" decoding=\"async\" width=\"928\" height=\"696\" src=\"https:\/\/optimist.org.rs\/wp-content\/uploads\/2021\/10\/22a-1.jpg\" class=\"wp-image-1541 vp-lazyload\" alt srcset=\"data:image\/svg+xml;base64,PHN2ZyB3aWR0aD0iOTI4IiBoZWlnaHQ9IjY5NiIgdmlld0JveD0iMCAwIDkyOCA2OTYiIGZpbGw9Im5vbmUiIHhtbG5zPSJodHRwOi8vd3d3LnczLm9yZy8yMDAwL3N2ZyI+PC9zdmc+\" data-src=\"https:\/\/optimist.org.rs\/wp-content\/uploads\/2021\/10\/22a-1.jpg\" data-srcset=\"https:\/\/optimist.org.rs\/wp-content\/uploads\/2021\/10\/22a-1.jpg 928w, https:\/\/optimist.org.rs\/wp-content\/uploads\/2021\/10\/22a-1-300x225.jpg 300w, https:\/\/optimist.org.rs\/wp-content\/uploads\/2021\/10\/22a-1-768x576.jpg 768w\" data-sizes=\"auto\" loading=\"eager\">\n\t\t<div class=\"vp-portfolio__item-overlay\">\n\t\t\t\t\t<\/div>\n\n\t\t<\/a>\t<\/div>\n<\/div>\n\n\t\t\t<\/figure>\n\t\t\t\t\t<\/div>\n\t\t\n\t\t<div\t\tclass=\"vp-portfolio__item-wrap vp-portfolio__item-uid-fc0835ac\" data-vp-filter=\"\" \t\t>\n\t\t\t<template class=\"vp-portfolio__item-popup\" data-vp-popup-img=\"https:\/\/optimist.org.rs\/wp-content\/uploads\/2021\/10\/12a.jpg\" data-vp-popup-img-srcset=\"https:\/\/optimist.org.rs\/wp-content\/uploads\/2021\/10\/12a.jpg 928w, https:\/\/optimist.org.rs\/wp-content\/uploads\/2021\/10\/12a-300x225.jpg 300w, https:\/\/optimist.org.rs\/wp-content\/uploads\/2021\/10\/12a-768x576.jpg 768w\" data-vp-popup-img-size=\"928x696\" data-vp-popup-md-img=\"https:\/\/optimist.org.rs\/wp-content\/uploads\/2021\/10\/12a.jpg\" data-vp-popup-md-img-size=\"800x600\" data-vp-popup-sm-img=\"https:\/\/optimist.org.rs\/wp-content\/uploads\/2021\/10\/12a.jpg\" data-vp-popup-sm-img-size=\"500x375\">\n\t<\/template>\n\t\t\t\t\t\t<figure class=\"vp-portfolio__item\">\n\t\t\t\t\n<div class=\"vp-portfolio__item-img-wrap\">\n\t<div class=\"vp-portfolio__item-img\">\n\t\t\t<a\n\t\thref=\"https:\/\/optimist.org.rs\/wp-content\/uploads\/2021\/10\/12a.jpg\"\n\t\taria-label=\"12a\" \t>\n\t\n\t\t<noscript><img loading=\"lazy\" decoding=\"async\" width=\"928\" height=\"696\" data-skip-lazy src=\"https:\/\/optimist.org.rs\/wp-content\/uploads\/2021\/10\/12a.jpg\" class=\"wp-image-1540\" alt=\"\" srcset=\"https:\/\/optimist.org.rs\/wp-content\/uploads\/2021\/10\/12a.jpg 928w, https:\/\/optimist.org.rs\/wp-content\/uploads\/2021\/10\/12a-300x225.jpg 300w, https:\/\/optimist.org.rs\/wp-content\/uploads\/2021\/10\/12a-768x576.jpg 768w\" sizes=\"auto, (max-width: 928px) 100vw, 928px\" \/><\/noscript><img decoding=\"async\" width=\"928\" height=\"696\" src=\"https:\/\/optimist.org.rs\/wp-content\/uploads\/2021\/10\/12a.jpg\" class=\"wp-image-1540 vp-lazyload\" alt srcset=\"data:image\/svg+xml;base64,PHN2ZyB3aWR0aD0iOTI4IiBoZWlnaHQ9IjY5NiIgdmlld0JveD0iMCAwIDkyOCA2OTYiIGZpbGw9Im5vbmUiIHhtbG5zPSJodHRwOi8vd3d3LnczLm9yZy8yMDAwL3N2ZyI+PC9zdmc+\" data-src=\"https:\/\/optimist.org.rs\/wp-content\/uploads\/2021\/10\/12a.jpg\" data-srcset=\"https:\/\/optimist.org.rs\/wp-content\/uploads\/2021\/10\/12a.jpg 928w, https:\/\/optimist.org.rs\/wp-content\/uploads\/2021\/10\/12a-300x225.jpg 300w, https:\/\/optimist.org.rs\/wp-content\/uploads\/2021\/10\/12a-768x576.jpg 768w\" data-sizes=\"auto\" loading=\"eager\">\n\t\t<div class=\"vp-portfolio__item-overlay\">\n\t\t\t\t\t<\/div>\n\n\t\t<\/a>\t<\/div>\n<\/div>\n\n\t\t\t<\/figure>\n\t\t\t\t\t<\/div>\n\t\t\n\t\t<div\t\tclass=\"vp-portfolio__item-wrap vp-portfolio__item-uid-8d35611f\" data-vp-filter=\"\" \t\t>\n\t\t\t<template class=\"vp-portfolio__item-popup\" data-vp-popup-img=\"https:\/\/optimist.org.rs\/wp-content\/uploads\/2021\/10\/11a-1.jpg\" data-vp-popup-img-srcset=\"https:\/\/optimist.org.rs\/wp-content\/uploads\/2021\/10\/11a-1.jpg 928w, https:\/\/optimist.org.rs\/wp-content\/uploads\/2021\/10\/11a-1-300x225.jpg 300w, https:\/\/optimist.org.rs\/wp-content\/uploads\/2021\/10\/11a-1-768x576.jpg 768w\" data-vp-popup-img-size=\"928x696\" data-vp-popup-md-img=\"https:\/\/optimist.org.rs\/wp-content\/uploads\/2021\/10\/11a-1.jpg\" data-vp-popup-md-img-size=\"800x600\" data-vp-popup-sm-img=\"https:\/\/optimist.org.rs\/wp-content\/uploads\/2021\/10\/11a-1.jpg\" data-vp-popup-sm-img-size=\"500x375\">\n\t<\/template>\n\t\t\t\t\t\t<figure class=\"vp-portfolio__item\">\n\t\t\t\t\n<div class=\"vp-portfolio__item-img-wrap\">\n\t<div class=\"vp-portfolio__item-img\">\n\t\t\t<a\n\t\thref=\"https:\/\/optimist.org.rs\/wp-content\/uploads\/2021\/10\/11a-1.jpg\"\n\t\taria-label=\"11a-1\" \t>\n\t\n\t\t<noscript><img loading=\"lazy\" decoding=\"async\" width=\"928\" height=\"696\" data-skip-lazy src=\"https:\/\/optimist.org.rs\/wp-content\/uploads\/2021\/10\/11a-1.jpg\" class=\"wp-image-1539\" alt=\"\" srcset=\"https:\/\/optimist.org.rs\/wp-content\/uploads\/2021\/10\/11a-1.jpg 928w, https:\/\/optimist.org.rs\/wp-content\/uploads\/2021\/10\/11a-1-300x225.jpg 300w, https:\/\/optimist.org.rs\/wp-content\/uploads\/2021\/10\/11a-1-768x576.jpg 768w\" sizes=\"auto, (max-width: 928px) 100vw, 928px\" \/><\/noscript><img decoding=\"async\" width=\"928\" height=\"696\" src=\"https:\/\/optimist.org.rs\/wp-content\/uploads\/2021\/10\/11a-1.jpg\" class=\"wp-image-1539 vp-lazyload\" alt srcset=\"data:image\/svg+xml;base64,PHN2ZyB3aWR0aD0iOTI4IiBoZWlnaHQ9IjY5NiIgdmlld0JveD0iMCAwIDkyOCA2OTYiIGZpbGw9Im5vbmUiIHhtbG5zPSJodHRwOi8vd3d3LnczLm9yZy8yMDAwL3N2ZyI+PC9zdmc+\" data-src=\"https:\/\/optimist.org.rs\/wp-content\/uploads\/2021\/10\/11a-1.jpg\" data-srcset=\"https:\/\/optimist.org.rs\/wp-content\/uploads\/2021\/10\/11a-1.jpg 928w, https:\/\/optimist.org.rs\/wp-content\/uploads\/2021\/10\/11a-1-300x225.jpg 300w, https:\/\/optimist.org.rs\/wp-content\/uploads\/2021\/10\/11a-1-768x576.jpg 768w\" data-sizes=\"auto\" loading=\"eager\">\n\t\t<div class=\"vp-portfolio__item-overlay\">\n\t\t\t\t\t<\/div>\n\n\t\t<\/a>\t<\/div>\n<\/div>\n\n\t\t\t<\/figure>\n\t\t\t\t\t<\/div>\n\t\t\n<\/div>\n\t\t<\/div>\n\t\t\n<\/div>\n<\/div>\n\n\n<p>Udru\u017eenje Optimist je u sklopu projekta organizovalo \u010di\u0161\u0107enje javnih povr\u0161ina u tri op\u0161tine p\u010dinjskog okruga &#8211; Vranju,Vranjskoj Banji i Bosilegradu, uz u\u010de\u0161\u0107e preko 300 volontera. U ovoj akciji, koja je ujedno i najve\u0107a javna akcija na jugu Srbije do danas, u\u010de\u0161\u0107e su uzeli i: Vojska Srbije, JP Komrad Vranje, JP Direkcija za izgradnju grada Vranja, JP Direkcija za gra\u0111evinsko zemlji\u0161te i puteve Bosilegrad, kao i partnerska organizacija &#8211; Udru\u017eenje SPA iz Vranjske Banje.<\/p>\n\n\n\n<p>Tako\u0111e, prepoznav\u0161i problem bespravne i prekomerne se\u010de \u0161uma bosilegraskog atara, a u saradnji sa Gimnazijom u Bosilegradu nekoliko godina zarednom organizovali smo &#8220;\u0160umski mar\u0161&#8221;, protesnu \u0161etnju mladih \u010diji je bilj bio alarmiranje nadle\u017enih organa, ali i gra\u0111anstva o ovom goru\u0107em problemu. Prema proceni nadle\u017enih, godi\u0161nje se, bespravno, pose\u010de 500.000 stabala bosilegradskih \u0161uma.<\/p>\n\n\n\n<figure class=\"wp-block-gallery columns-1 is-cropped wp-block-gallery-1 is-layout-flex wp-block-gallery-is-layout-flex\"><ul class=\"blocks-gallery-grid\"><li class=\"blocks-gallery-item\"><figure><noscript><img loading=\"lazy\" decoding=\"async\" width=\"960\" height=\"640\" data-skip-lazy src=\"https:\/\/optimist.org.rs\/wp-content\/uploads\/2021\/10\/4_.jpg\" alt=\"\" data-id=\"1542\" data-full-url=\"https:\/\/optimist.org.rs\/wp-content\/uploads\/2021\/10\/4_.jpg\" data-link=\"https:\/\/optimist.org.rs\/?attachment_id=1542\" class=\"wp-image-1542\" srcset=\"https:\/\/optimist.org.rs\/wp-content\/uploads\/2021\/10\/4_.jpg 960w, https:\/\/optimist.org.rs\/wp-content\/uploads\/2021\/10\/4_-300x200.jpg 300w, https:\/\/optimist.org.rs\/wp-content\/uploads\/2021\/10\/4_-768x512.jpg 768w\" sizes=\"auto, (max-width: 960px) 100vw, 960px\" \/><\/noscript><img loading=\"eager\" decoding=\"async\" width=\"960\" height=\"640\" src=\"https:\/\/optimist.org.rs\/wp-content\/uploads\/2021\/10\/4_.jpg\" alt data-id=\"1542\" data-full-url=\"https:\/\/optimist.org.rs\/wp-content\/uploads\/2021\/10\/4_.jpg\" data-link=\"https:\/\/optimist.org.rs\/?attachment_id=1542\" class=\"wp-image-1542 vp-lazyload\" srcset=\"data:image\/svg+xml;base64,PHN2ZyB3aWR0aD0iOTYwIiBoZWlnaHQ9IjY0MCIgdmlld0JveD0iMCAwIDk2MCA2NDAiIGZpbGw9Im5vbmUiIHhtbG5zPSJodHRwOi8vd3d3LnczLm9yZy8yMDAwL3N2ZyI+PC9zdmc+\" data-src=\"https:\/\/optimist.org.rs\/wp-content\/uploads\/2021\/10\/4_.jpg\" data-srcset=\"https:\/\/optimist.org.rs\/wp-content\/uploads\/2021\/10\/4_.jpg 960w, https:\/\/optimist.org.rs\/wp-content\/uploads\/2021\/10\/4_-300x200.jpg 300w, https:\/\/optimist.org.rs\/wp-content\/uploads\/2021\/10\/4_-768x512.jpg 768w\" data-sizes=\"auto\"><\/figure><\/li><\/ul><figcaption class=\"blocks-gallery-caption\">I na kraju, ono \u0161to uvek popularizujemo i pokazujemo na sopstvenom primeru jeste zelena ekonomija. Na svakom mestu gde je to mogu\u0107e isti\u010demo zna\u010daj pravilnog upravljanja energijom, otpadom i vodama. Pogon za preradu vo\u0107a i povr\u0107a Udru\u017eenja Optimist snabdeva se solarnom energijom, organski otpad se kompostira i slu\u017ei kao organsko \u0111ubrivo, dok se otpadne vode (nastale pranjem organskog vo\u0107a) sprovode i koriste za navodnjavanje plastenika. <\/figcaption><\/figure>\n","protected":false},"excerpt":{"rendered":"<p>Od svog osnivanja, Udru\u017eenje Optimist je veoma posve\u0107eno o\u010duvanju \u017eivotne sredine. Realizovali smo nekoliko izuzetno va\u017enih ekolo\u0161kih projekata, od kojih je svakako najva\u017eniji &#8220;Veliki spremanje juga Srbije&#8221;, projekat ra\u0111en u &#8230;<\/p>\n","protected":false},"author":1,"featured_media":0,"parent":0,"menu_order":0,"comment_status":"closed","ping_status":"closed","template":"template-fullwidth.php","meta":{"_vp_format_video_url":"","_vp_image_focal_point":[],"footnotes":""},"class_list":["post-1538","page","type-page","status-publish","hentry"],"_links":{"self":[{"href":"https:\/\/optimist.org.rs\/index.php\/wp-json\/wp\/v2\/pages\/1538","targetHints":{"allow":["GET"]}}],"collection":[{"href":"https:\/\/optimist.org.rs\/index.php\/wp-json\/wp\/v2\/pages"}],"about":[{"href":"https:\/\/optimist.org.rs\/index.php\/wp-json\/wp\/v2\/types\/page"}],"author":[{"embeddable":true,"href":"https:\/\/optimist.org.rs\/index.php\/wp-json\/wp\/v2\/users\/1"}],"replies":[{"embeddable":true,"href":"https:\/\/optimist.org.rs\/index.php\/wp-json\/wp\/v2\/comments?post=1538"}],"version-history":[{"count":2,"href":"https:\/\/optimist.org.rs\/index.php\/wp-json\/wp\/v2\/pages\/1538\/revisions"}],"predecessor-version":[{"id":1626,"href":"https:\/\/optimist.org.rs\/index.php\/wp-json\/wp\/v2\/pages\/1538\/revisions\/1626"}],"wp:attachment":[{"href":"https:\/\/optimist.org.rs\/index.php\/wp-json\/wp\/v2\/media?parent=1538"}],"curies":[{"name":"wp","href":"https:\/\/api.w.org\/{rel}","templated":true}]}}